{"id":834,"date":"2021-12-28T23:12:26","date_gmt":"2021-12-28T23:12:26","guid":{"rendered":"https:\/\/www.wsdm-conference.org\/2022\/?page_id=834"},"modified":"2022-02-21T12:08:35","modified_gmt":"2022-02-21T19:08:35","slug":"accepted-tutorials","status":"publish","type":"page","link":"https:\/\/www.wsdm-conference.org\/2022\/accepted-tutorials\/","title":{"rendered":"Tutorials"},"content":{"rendered":"\n<p class=\"has-large-font-size\">All tutorials are scheduled on Monday 21st, 2022.<\/p>\n\n\n\n<hr class=\"wp-block-separator\"\/>\n\n\n\n<p class=\"has-large-font-size\">Morning Session<\/p>\n\n\n\n<h4 class=\"wp-block-heading\" id=\"a-tutorial-on-stance-detection-website-session-chairs-dilek-kucuk-and-fazli-can\">A Tutorial on Stance Detection <a rel=\"noreferrer noopener\" href=\"https:\/\/urldefense.com\/v3\/__https:\/\/dkucuk.github.io\/stancedetection\/__;!!IKRxdwAv5BmarQ!Kw8KYOuKra7H7LjKgqe7zPx__JqxyBDyP1aIfWdvDrrbjslnooQCfE4b4aLq2Q$\" target=\"_blank\"><mark style=\"background-color:rgba(0, 0, 0, 0)\" class=\"has-inline-color has-vivid-cyan-blue-color\"><span style=\"text-decoration: underline;\">Website<\/span><\/mark><\/a> (session chairs: Dilek K\u00fc\u00e7\u00fck and Fazli Can)<\/h4>\n\n\n\n<p>Dilek K\u00fc\u00e7\u00fck and Fazli Can<\/p>\n\n\n\n<p><\/p>\n\n\n\n<h4 class=\"wp-block-heading\" id=\"combating-online-hate-speech-the-role-of-content-networks-psychology-user-behavior-etc-website-session-chairs-sarah-masud-pinkesh-badjatiya-amitava-das-manish-gupta-preslav-nakov-and-tanmoy-chakraborty\">Combating Online Hate Speech: The Role of Content, Networks, Psychology, User Behavior, etc.<a rel=\"noreferrer noopener\" href=\"https:\/\/urldefense.com\/v3\/__https:\/\/hatewash.github.io\/__;!!IKRxdwAv5BmarQ!Kw8KYOuKra7H7LjKgqe7zPx__JqxyBDyP1aIfWdvDrrbjslnooQCfE7vMG1H-Q$\" target=\"_blank\"> <mark style=\"background-color:rgba(0, 0, 0, 0)\" class=\"has-inline-color has-vivid-cyan-blue-color\"><span style=\"text-decoration: underline;\">Website<\/span> <\/mark><\/a><mark style=\"background-color:rgba(0, 0, 0, 0)\" class=\"has-inline-color has-black-color\">(Session chairs: Sarah Masud, Pinkesh Badjatiya, Amitava Das, Manish Gupta, Preslav Nakov and Tanmoy Chakraborty)<\/mark><\/h4>\n\n\n\n<p>Sarah Masud, Pinkesh Badjatiya, Amitava Das, Manish Gupta, Preslav Nakov and Tanmoy Chakraborty<\/p>\n\n\n\n<p><\/p>\n\n\n\n<h4 class=\"wp-block-heading\" id=\"fact-checking-fake-news-propaganda-media-bias-and-the-covid-19-infodemic-website-session-chairs-preslav-nakov-giovanni-da-san-martino-and-firoj-alam\">Fact-Checking, Fake News, Propaganda, Media Bias, and the COVID-19 Infodemic <a rel=\"noreferrer noopener\" href=\"https:\/\/urldefense.com\/v3\/__https:\/\/propaganda.math.unipd.it\/wsdm22-tutorial\/__;!!IKRxdwAv5BmarQ!Kw8KYOuKra7H7LjKgqe7zPx__JqxyBDyP1aIfWdvDrrbjslnooQCfE5n4zAnzQ$\" target=\"_blank\"><mark style=\"background-color:rgba(0, 0, 0, 0)\" class=\"has-inline-color has-vivid-cyan-blue-color\"><span style=\"text-decoration: underline;\">Website<\/span><\/mark><\/a> (Session chairs: Preslav Nakov, Giovanni Da San Martino and Firoj Alam )<\/h4>\n\n\n\n<p>Preslav Nakov, Giovanni Da San Martino and Firoj Alam    <\/p>\n\n\n\n<p><\/p>\n\n\n\n<h4 class=\"wp-block-heading\" id=\"graph-neural-networks-for-recommender-system-website-session-chairs-chen-gao-xiang-wang-xiangnan-he-and-yong-li\">Graph Neural Networks for Recommender System <a rel=\"noreferrer noopener\" href=\"https:\/\/urldefense.com\/v3\/__https:\/\/sites.google.com\/view\/gnn-recsys__;!!IKRxdwAv5BmarQ!Kw8KYOuKra7H7LjKgqe7zPx__JqxyBDyP1aIfWdvDrrbjslnooQCfE4Zb7Qy1Q$\" target=\"_blank\"><mark style=\"background-color:rgba(0, 0, 0, 0)\" class=\"has-inline-color has-vivid-cyan-blue-color\"><span style=\"text-decoration: underline;\">Website<\/span><\/mark><\/a> (Session chairs: Chen Gao, Xiang Wang, Xiangnan He and Yong Li)<\/h4>\n\n\n\n<p>Chen Gao, Xiang Wang, Xiangnan He and Yong Li     <\/p>\n\n\n\n<hr class=\"wp-block-separator is-style-wide\"\/>\n\n\n\n<p class=\"has-large-font-size\">Afternoon Session<\/p>\n\n\n\n<h4 class=\"wp-block-heading\" id=\"search-and-discovery-in-personal-email-collections-website-session-chairs-michael-bendersky-xuanhui-wang-marc-najork-and-donald-metzler\">Search and Discovery in Personal Email Collections <a rel=\"noreferrer noopener\" href=\"https:\/\/urldefense.com\/v3\/__https:\/\/github.com\/bendersky\/sdpe-tutorial__;!!IKRxdwAv5BmarQ!Kw8KYOuKra7H7LjKgqe7zPx__JqxyBDyP1aIfWdvDrrbjslnooQCfE7UNcWB0g$\" target=\"_blank\"><mark style=\"background-color:rgba(0, 0, 0, 0)\" class=\"has-inline-color has-vivid-cyan-blue-color\"><span style=\"text-decoration: underline;\">Website<\/span><\/mark><\/a> (Session chairs: Michael Bendersky, Xuanhui Wang, Marc Najork and Donald Metzler)<\/h4>\n\n\n\n<p>Michael Bendersky, Xuanhui Wang, Marc Najork and Donald Metzler<\/p>\n\n\n\n<p><\/p>\n\n\n\n<h4 class=\"wp-block-heading\" id=\"graph-minimally-supervised-learning-website-session-chairs-kaize-ding-jundong-li-nitesh-chawla-and-huan-liu\">Graph Minimally-supervised Learning <a href=\"https:\/\/sites.google.com\/view\/wsdm2022-tutorial-gmsl\/\"><mark style=\"background-color:rgba(0, 0, 0, 0)\" class=\"has-inline-color has-vivid-cyan-blue-color\"><span style=\"text-decoration: underline;\">Website<\/span><\/mark><\/a> (Session chairs: Kaize Ding, Jundong Li, Nitesh Chawla and Huan Liu)<\/h4>\n\n\n\n<p>Kaize Ding, Jundong Li, Nitesh Chawla and Huan Liu<\/p>\n\n\n\n<p><\/p>\n\n\n\n<h4 class=\"wp-block-heading\" id=\"modern-theoretical-tools-for-understanding-and-designing-next-generation-information-retrieval-system-website-session-chairs-da-xu-and-chuanwei-ruan\">Modern Theoretical Tools for Understanding and Designing Next-generation Information Retrieval System <a rel=\"noreferrer noopener\" href=\"https:\/\/urldefense.com\/v3\/__https:\/\/moderntoolsfornextgenirs.github.io__;!!IKRxdwAv5BmarQ!Kw8KYOuKra7H7LjKgqe7zPx__JqxyBDyP1aIfWdvDrrbjslnooQCfE7t83Wy4w$\" target=\"_blank\"><mark style=\"background-color:rgba(0, 0, 0, 0)\" class=\"has-inline-color has-vivid-cyan-blue-color\"><span style=\"text-decoration: underline;\">Website<\/span><\/mark><\/a> (Session chairs: Da Xu and Chuanwei Ruan)<\/h4>\n\n\n\n<p>Da Xu and Chuanwei Ruan<\/p>\n\n\n\n<p><\/p>\n\n\n\n<p><\/p>\n\n\n\n<p><\/p>\n","protected":false},"excerpt":{"rendered":"<p>All tutorials are scheduled on Monday 21st, 2022. Morning Session A Tutorial on Stance Detection Website (session chairs: Dilek K\u00fc\u00e7\u00fck and Fazli Can) Dilek K\u00fc\u00e7\u00fck and Fazli Can Combating Online Hate Speech: The Role of Content, Networks, Psychology, User Behavior, etc. Website (Session chairs: Sarah Masud, Pinkesh Badjatiya, Amitava Das, Manish Gupta, Preslav Nakov and &hellip; <\/p>\n","protected":false},"author":1,"featured_media":0,"parent":0,"menu_order":0,"comment_status":"closed","ping_status":"closed","template":"","meta":{"spay_email":"","footnotes":""},"class_list":["post-834","page","type-page","status-publish","hentry","latest_post"],"_links":{"self":[{"href":"https:\/\/www.wsdm-conference.org\/2022\/wp-json\/wp\/v2\/pages\/834","targetHints":{"allow":["GET"]}}],"collection":[{"href":"https:\/\/www.wsdm-conference.org\/2022\/wp-json\/wp\/v2\/pages"}],"about":[{"href":"https:\/\/www.wsdm-conference.org\/2022\/wp-json\/wp\/v2\/types\/page"}],"author":[{"embeddable":true,"href":"https:\/\/www.wsdm-conference.org\/2022\/wp-json\/wp\/v2\/users\/1"}],"replies":[{"embeddable":true,"href":"https:\/\/www.wsdm-conference.org\/2022\/wp-json\/wp\/v2\/comments?post=834"}],"version-history":[{"count":16,"href":"https:\/\/www.wsdm-conference.org\/2022\/wp-json\/wp\/v2\/pages\/834\/revisions"}],"predecessor-version":[{"id":1484,"href":"https:\/\/www.wsdm-conference.org\/2022\/wp-json\/wp\/v2\/pages\/834\/revisions\/1484"}],"wp:attachment":[{"href":"https:\/\/www.wsdm-conference.org\/2022\/wp-json\/wp\/v2\/media?parent=834"}],"curies":[{"name":"wp","href":"https:\/\/api.w.org\/{rel}","templated":true}]}}