{"id":981,"date":"2024-01-16T14:24:18","date_gmt":"2024-01-16T14:24:18","guid":{"rendered":"https:\/\/www.wsdm-conference.org\/2024\/?page_id=981"},"modified":"2024-01-23T14:47:26","modified_gmt":"2024-01-23T14:47:26","slug":"wsdm-day","status":"publish","type":"page","link":"https:\/\/www.wsdm-conference.org\/2024\/wsdm-day\/","title":{"rendered":"WSDM Day"},"content":{"rendered":"\n<h3 class=\"wp-block-heading\"><mark style=\"background-color:rgba(0, 0, 0, 0)\" class=\"has-inline-color has-vivid-red-color\">Keynote:\u2002Investigation opportunities in Latin America<\/mark><\/h3>\n\n\n\n<div id=\"section-gaa48a3\" class=\"wp-block-gutentor-e6 section-gaa48a3 gutentor-element gutentor-element-image text-align-left-desktop\"><div class=\"gutentor-element-image-box\"><div class=\"gutentor-image-thumb\"><img decoding=\"async\" class=\"normal-image\" src=\"https:\/\/www.wsdm-conference.org\/2024\/wp-content\/uploads\/2024\/01\/LauraMontoya-214x300.png\" \/><\/div><\/div><\/div>\n\n\n\n<div id=\"section-gc64408\" class=\"wp-block-gutentor-e1 section-gc64408 gutentor-element gutentor-element-advanced-text\"><div class=\"gutentor-text-wrap\"><p class=\"gutentor-text\">Speaker: Laura Montoya &#8211;&nbsp;Laura Montoya, Founder &amp; Executive Director Accel.ai<\/p><\/div><\/div>\n\n\n\n<div id=\"section-g10bf89\" class=\"wp-block-gutentor-e1 section-g10bf89 gutentor-element gutentor-element-advanced-text\"><div class=\"gutentor-text-wrap\"><p class=\"gutentor-text\">Abstract: In this presentation, we delve into the burgeoning landscape of AI research and startup opportunities in Latin America, presented from the perspective of LatinX in AI (LXAI). We explore the unique challenges and vast potential of the region in harnessing artificial intelligence for sustainable growth and innovation. The talk will highlight key areas of AI research gaining momentum in Latin America, the role of local communities in shaping AI&#8217;s future, and how startups in the region are uniquely positioned to address both local and global problems. Attendees will gain an understanding of the current state of AI in Latin America, the untapped opportunities, and the importance of inclusive and diverse perspectives in driving AI research and entrepreneurship. &nbsp;Learn how to connect and collaborate with the vibrant LatinX in AI network. Join us to discover how Latin America is not just following but also contributing to the AI revolution, creating a landscape rich with opportunities for growth, collaboration, and innovation.<\/p><\/div><\/div>\n\n\n\n<section id=\"section-4f8a57a4-2b0b-474d-9942-3e26fcdf88e8\" class=\"wp-block-gutentor-divider section-4f8a57a4-2b0b-474d-9942-3e26fcdf88e8 gutentor-element gutentor-section gutentor-divider text-center\"><div class=\"grid-container\"><div class=\"gutentor-divider-box\"><span><svg xmlns=\"http:\/\/www.w3.org\/2000\/svg\" viewBox=\"0 0 240 40\" preserveAspectRatio=\"none\"><path d=\"M56.2 20c5.3-.1 10.6-.2 16-.3l16-.2c10.6-.1 21.3-.1 31.9-.2 10.6.1 21.3 0 31.9.1l16 .2c5.3.1 10.6.2 16 .3-5.3.1-10.6.2-16 .3l-16 .2c-10.6.1-21.3.1-31.9.1-10.6-.1-21.3 0-31.9-.2l-16-.2c-5.4.1-10.7 0-16-.1z\"><\/path><\/svg><\/span><\/div><\/div><\/section>\n\n\n\n<h3 class=\"wp-block-heading\"><mark style=\"background-color:rgba(0, 0, 0, 0)\" class=\"has-inline-color has-vivid-red-color\">Keynote: The long trail: Natural Language Processing for the Indigenous Languages of the Americas<\/mark><\/h3>\n\n\n\n<div id=\"section-g076a38\" class=\"wp-block-gutentor-e6 section-g076a38 gutentor-element gutentor-element-image\"><div class=\"gutentor-element-image-box\"><div class=\"gutentor-image-thumb\"><img decoding=\"async\" class=\"normal-image\" src=\"https:\/\/www.wsdm-conference.org\/2024\/wp-content\/uploads\/2024\/01\/ManuelMager-1-214x300.png\" \/><\/div><\/div><\/div>\n\n\n\n<div id=\"section-g45c3a2\" class=\"wp-block-gutentor-e1 section-g45c3a2 gutentor-element gutentor-element-advanced-text\"><div class=\"gutentor-text-wrap\"><p class=\"gutentor-text\">Speaker: Manuel Mager &#8211;&nbsp;Applied Scientist at Amazon AWS<\/p><\/div><\/div>\n\n\n\n<div id=\"section-g15fee3\" class=\"wp-block-gutentor-e1 section-g15fee3 gutentor-element gutentor-element-advanced-text\"><div class=\"gutentor-text-wrap\"><p class=\"gutentor-text\">Abstract:&nbsp; The indigenous languages of the Americas have historically been relegated to the study of NLP, with the exception of specialized workshops for endangered and low-resource languages. Luckily this has changed. In recent years a strong interest in these languages and other endangered and low resourced languages has emerged. In this framework, we present our contribution to the study of these languages, focusing on the polysynthetic languages of Mexico. We present our work on morphological segmentation with neural networks in environments with extreme low resource settings. Later we will analyze the impact of this segmentation on the machine translation task, and our experience from the AmericasNLP workshop. Since these languages also have constant contact with the dominant languages of their countries, the phenomenon of code-switching is also present. Therefore, we conclude the talk with the presentation of this phenomenon, we introduce the task of subwork-language identification, and present our study of the effect of code-switching in machine translation environments, where polysynthetic languages are present.<\/p><\/div><\/div>\n\n\n\n<section id=\"section-9f1caa54-c655-4a5f-b5c1-be1280a281a5\" class=\"wp-block-gutentor-divider section-9f1caa54-c655-4a5f-b5c1-be1280a281a5 gutentor-element gutentor-section gutentor-divider text-center\"><div class=\"grid-container\"><div class=\"gutentor-divider-box\"><span><svg xmlns=\"http:\/\/www.w3.org\/2000\/svg\" viewBox=\"0 0 240 40\" preserveAspectRatio=\"none\"><path d=\"M56.2 20c5.3-.1 10.6-.2 16-.3l16-.2c10.6-.1 21.3-.1 31.9-.2 10.6.1 21.3 0 31.9.1l16 .2c5.3.1 10.6.2 16 .3-5.3.1-10.6.2-16 .3l-16 .2c-10.6.1-21.3.1-31.9.1-10.6-.1-21.3 0-31.9-.2l-16-.2c-5.4.1-10.7 0-16-.1z\"><\/path><\/svg><\/span><\/div><\/div><\/section>\n\n\n\n<h3 class=\"wp-block-heading\"><mark style=\"background-color:rgba(0, 0, 0, 0)\" class=\"has-inline-color has-vivid-red-color\">Panel:\u00a0\u00a0LATAM Data Horizons: Pioneering Paths in Data Mining and Web Search<\/mark><\/h3>\n\n\n\n<div id=\"section-g436c08\" class=\"wp-block-gutentor-e1 section-g436c08 gutentor-element gutentor-element-advanced-text\"><div class=\"gutentor-text-wrap\"><p class=\"gutentor-text\">Panelists: Saiph Savage; Ricardo Baeza-Yates; Victor Fragoso<br><br>Moderator:\u00a0Diego Carmona<br><br>Abstract: This panel provides an in-depth exploration of the evolving realms of data mining and web search technologies in Latin America (LATAM). It emphasizes not only the latest trends and challenges but also the innovative solutions and career-building strategies employed in the region. Distinguished professionals from across LATAM will share their personal insights and experiences, shedding light on how they have built successful careers in data mining and web search fields. Attendees will gain valuable perspectives on navigating the unique opportunities and obstacles in LATAM&#8217;s digital landscape, understand the impact of regional regulations on data practices, and learn about the role of local tech communities in shaping the future of these technologies. This panel aims to inspire and inform, offering a comprehensive view of the current state and future potential in these critical areas of technology.<\/p><\/div><\/div>\n\n\n\n<section id=\"section-c6e63203-404d-47e1-86c2-205ab86d9fca\" class=\"wp-block-gutentor-divider section-c6e63203-404d-47e1-86c2-205ab86d9fca gutentor-element gutentor-section gutentor-divider text-center\"><div class=\"grid-container\"><div class=\"gutentor-divider-box\"><span><svg xmlns=\"http:\/\/www.w3.org\/2000\/svg\" viewBox=\"0 0 240 40\" preserveAspectRatio=\"none\"><path d=\"M56.2 20c5.3-.1 10.6-.2 16-.3l16-.2c10.6-.1 21.3-.1 31.9-.2 10.6.1 21.3 0 31.9.1l16 .2c5.3.1 10.6.2 16 .3-5.3.1-10.6.2-16 .3l-16 .2c-10.6.1-21.3.1-31.9.1-10.6-.1-21.3 0-31.9-.2l-16-.2c-5.4.1-10.7 0-16-.1z\"><\/path><\/svg><\/span><\/div><\/div><\/section>\n\n\n\n<h3 class=\"wp-block-heading\"><mark style=\"background-color:rgba(0, 0, 0, 0)\" class=\"has-inline-color has-vivid-red-color\">Panel: Mayan speakers meets Natural Language Processing (NLP) scientists<\/mark><\/h3>\n\n\n\n<div id=\"section-g99152f\" class=\"wp-block-gutentor-e1 section-g99152f gutentor-element gutentor-element-advanced-text\"><div class=\"gutentor-text-wrap\"><p class=\"gutentor-text\">Panelists: Manuel Mager; Samuel Canul; Fidencio Brice\u00f1o; Mar\u00eda Elisa Chavarrea; Silvia Fern\u00e1ndez<br><br>Moderator: Silvia Leirana<br><br>Abstract: The development of technologies for the indigenous languages of America has had a slow development where native speakers have had little or nothing to do with it. This panel brings together NLP specialists with native Mayan speakers to discuss how to take into account the actual needs of the communities when developing NLP technologies<\/p><\/div><\/div>\n\n\n\n<section id=\"section-fa02f3ff-9bba-4d36-9d1c-d0c2fed95754\" class=\"wp-block-gutentor-divider section-fa02f3ff-9bba-4d36-9d1c-d0c2fed95754 gutentor-element gutentor-section gutentor-divider text-center\"><div class=\"grid-container\"><div class=\"gutentor-divider-box\"><span><svg xmlns=\"http:\/\/www.w3.org\/2000\/svg\" viewBox=\"0 0 240 40\" preserveAspectRatio=\"none\"><path d=\"M56.2 20c5.3-.1 10.6-.2 16-.3l16-.2c10.6-.1 21.3-.1 31.9-.2 10.6.1 21.3 0 31.9.1l16 .2c5.3.1 10.6.2 16 .3-5.3.1-10.6.2-16 .3l-16 .2c-10.6.1-21.3.1-31.9.1-10.6-.1-21.3 0-31.9-.2l-16-.2c-5.4.1-10.7 0-16-.1z\"><\/path><\/svg><\/span><\/div><\/div><\/section>\n\n\n\n<h3 class=\"wp-block-heading\"><mark style=\"background-color:rgba(0, 0, 0, 0)\" class=\"has-inline-color has-vivid-red-color\">Demo: Building a Search Engine to Preserve Mayan Language<\/mark><\/h3>\n\n\n\n<div id=\"section-g6c3677\" class=\"wp-block-gutentor-e1 section-g6c3677 gutentor-element gutentor-element-advanced-text\"><div class=\"gutentor-text-wrap\"><p class=\"gutentor-text\">Speaker: Alejando Molina<br><br>Abstract:\u00a0<a href=\"http:\/\/taantsil.com.mx\/\" target=\"_blank\" rel=\"noreferrer noopener\">taantsil.com.mx<\/a>\u00a0is the first search engine designed to preserve and promote the Mayan language. During the development of this software system, several challenges have been encountered due to the technological gap between Maya and other languages, which have been cleverly overcome. * Throughout the day there will be a permanent stand with the Information Retrieval System for the Mayan Language.<\/p><\/div><\/div>\n\n\n\n<section id=\"section-fb62c323-4380-4dc7-8914-c3fe45af775f\" class=\"wp-block-gutentor-divider section-fb62c323-4380-4dc7-8914-c3fe45af775f gutentor-element gutentor-section gutentor-divider text-center\"><div class=\"grid-container\"><div class=\"gutentor-divider-box\"><span><svg xmlns=\"http:\/\/www.w3.org\/2000\/svg\" viewBox=\"0 0 240 40\" preserveAspectRatio=\"none\"><path d=\"M56.2 20c5.3-.1 10.6-.2 16-.3l16-.2c10.6-.1 21.3-.1 31.9-.2 10.6.1 21.3 0 31.9.1l16 .2c5.3.1 10.6.2 16 .3-5.3.1-10.6.2-16 .3l-16 .2c-10.6.1-21.3.1-31.9.1-10.6-.1-21.3 0-31.9-.2l-16-.2c-5.4.1-10.7 0-16-.1z\"><\/path><\/svg><\/span><\/div><\/div><\/section>\n\n\n\n<h2 class=\"wp-block-heading\"><mark style=\"background-color:rgba(0, 0, 0, 0)\" class=\"has-inline-color has-vivid-red-color\">Accept WSDM Day Talks<\/mark><\/h2>\n\n\n\n<div id=\"section-g155c1c\" class=\"wp-block-gutentor-e1 section-g155c1c gutentor-element gutentor-element-advanced-text\"><div class=\"gutentor-text-wrap\"><p class=\"gutentor-text\"><strong>Automated Topic Generation for the Mexican Platform for Access to Government Public Information during the Period 2003-2020<\/strong><br>Hermelando Cruz-P\u00e9rez and Alejandro Molina-Villegas<\/p><\/div><\/div>\n\n\n\n<div id=\"section-ga973f1\" class=\"wp-block-gutentor-e1 section-ga973f1 gutentor-element gutentor-element-advanced-text\"><div class=\"gutentor-text-wrap\"><p class=\"gutentor-text\"><strong>Automatic Extraction of Patterns in Digital News Articles of Femicides occurred in Mexico by text mining techniques<\/strong><br>Jonathan Z\u00e1rate-Cartas and Alejandro Molina-Villegas<\/p><\/div><\/div>\n\n\n\n<div id=\"section-g429f5b\" class=\"wp-block-gutentor-e1 section-g429f5b gutentor-element gutentor-element-advanced-text\"><div class=\"gutentor-text-wrap\"><p class=\"gutentor-text\"><strong>Profiling urban mobility patterns with high spatial and temporal resolution: A deep dive into cellphone geo-position data<\/strong><br>Luisa Fernanda Chaparro Sierra and Jose Huertas<\/p><\/div><\/div>\n\n\n\n<div id=\"section-g45e8a2\" class=\"wp-block-gutentor-e1 section-g45e8a2 gutentor-element gutentor-element-advanced-text\"><div class=\"gutentor-text-wrap\"><p class=\"gutentor-text\"><strong>Genomic-World Fungi Data: Synteny part<\/strong><br>Pedro Escobar-Turriza, Luis Mu\u00f1oz-Miranda and Alejandro Pereira-Santana<\/p><\/div><\/div>\n\n\n\n<div id=\"section-g112299\" class=\"wp-block-gutentor-e1 section-g112299 gutentor-element gutentor-element-advanced-text\"><div class=\"gutentor-text-wrap\"><p class=\"gutentor-text\"><strong>AI-Assisted Intelligent Systems to Enhanced Surgical Robotics<\/strong><br>Alberto Munoz<\/p><\/div><\/div>\n\n\n\n<div id=\"section-g16f884\" class=\"wp-block-gutentor-e1 section-g16f884 gutentor-element gutentor-element-advanced-text\"><div class=\"gutentor-text-wrap\"><p class=\"gutentor-text\"><strong>Integrating Knowledge Graph Data with Large Language Models for Explainable Inference<\/strong><br>Carlos Efra\u00edn Quintero-Narv\u00e1ez and Raul Monroy<\/p><\/div><\/div>\n\n\n\n<div id=\"section-g4ddbee\" class=\"wp-block-gutentor-e1 section-g4ddbee gutentor-element gutentor-element-advanced-text\"><div class=\"gutentor-text-wrap\"><p class=\"gutentor-text\"><strong>Preserving Heritage: Developing a Translation Tool for Indigenous Dialects<\/strong><br>Melissa Robles, Cristian Adri\u00e1n Mart\u00ednez, Juan Camilo Prieto, Sara Palacios Chavarro and Rub\u00e9n Manrique<\/p><\/div><\/div>\n","protected":false},"excerpt":{"rendered":"<p>Keynote:\u2002Investigation opportunities in Latin America Keynote: The long trail: Natural Language Processing for the Indigenous Languages of the Americas Panel:\u00a0\u00a0LATAM Data Horizons: Pioneering Paths in Data Mining and Web Search Panel: Mayan speakers meets Natural Language Processing (NLP) scientists Demo: Building a Search Engine to Preserve Mayan Language Accept WSDM Day Talks<\/p>\n","protected":false},"author":1,"featured_media":0,"parent":0,"menu_order":0,"comment_status":"closed","ping_status":"closed","template":"","meta":{"footnotes":""},"class_list":["post-981","page","type-page","status-publish","hentry"],"_links":{"self":[{"href":"https:\/\/www.wsdm-conference.org\/2024\/wp-json\/wp\/v2\/pages\/981","targetHints":{"allow":["GET"]}}],"collection":[{"href":"https:\/\/www.wsdm-conference.org\/2024\/wp-json\/wp\/v2\/pages"}],"about":[{"href":"https:\/\/www.wsdm-conference.org\/2024\/wp-json\/wp\/v2\/types\/page"}],"author":[{"embeddable":true,"href":"https:\/\/www.wsdm-conference.org\/2024\/wp-json\/wp\/v2\/users\/1"}],"replies":[{"embeddable":true,"href":"https:\/\/www.wsdm-conference.org\/2024\/wp-json\/wp\/v2\/comments?post=981"}],"version-history":[{"count":14,"href":"https:\/\/www.wsdm-conference.org\/2024\/wp-json\/wp\/v2\/pages\/981\/revisions"}],"predecessor-version":[{"id":1091,"href":"https:\/\/www.wsdm-conference.org\/2024\/wp-json\/wp\/v2\/pages\/981\/revisions\/1091"}],"wp:attachment":[{"href":"https:\/\/www.wsdm-conference.org\/2024\/wp-json\/wp\/v2\/media?parent=981"}],"curies":[{"name":"wp","href":"https:\/\/api.w.org\/{rel}","templated":true}]}}